{"id":254,"date":"2024-03-12T21:05:32","date_gmt":"2024-03-12T21:05:32","guid":{"rendered":"https:\/\/plantillas.eshopally.com\/cloathingstore\/?page_id=254"},"modified":"2024-03-13T21:44:54","modified_gmt":"2024-03-13T21:44:54","slug":"acerca-de","status":"publish","type":"page","link":"https:\/\/plantillas.eshopally.com\/cloathingstore\/acerca-de\/","title":{"rendered":"Acerca de"},"content":{"rendered":"\t\t<div data-elementor-type=\"wp-page\" data-elementor-id=\"254\" class=\"elementor elementor-254\">\n\t\t\t\t<div class=\"elementor-element elementor-element-c0f538e e-flex e-con-boxed e-con e-parent\" data-id=\"c0f538e\" data-element_type=\"container\" data-core-v316-plus=\"true\">\n\t\t\t\t\t<div class=\"e-con-inner\">\n\t\t<div class=\"elementor-element elementor-element-2a1e231 e-flex e-con-boxed e-con e-child\" data-id=\"2a1e231\" data-element_type=\"container\">\n\t\t\t\t\t<div class=\"e-con-inner\">\n\t\t\t\t<div class=\"elementor-element elementor-element-ff484bc elementor-widget elementor-widget-heading\" data-id=\"ff484bc\" data-element_type=\"widget\" data-widget_type=\"heading.default\">\n\t\t\t\t<div class=\"elementor-widget-container\">\n\t\t\t<style>\/*! elementor - v3.20.0 - 11-03-2024 *\/\n.elementor-heading-title{padding:0;margin:0;line-height:1}.elementor-widget-heading .elementor-heading-title[class*=elementor-size-]>a{color:inherit;font-size:inherit;line-height:inherit}.elementor-widget-heading .elementor-heading-title.elementor-size-small{font-size:15px}.elementor-widget-heading .elementor-heading-title.elementor-size-medium{font-size:19px}.elementor-widget-heading .elementor-heading-title.elementor-size-large{font-size:29px}.elementor-widget-heading .elementor-heading-title.elementor-size-xl{font-size:39px}.elementor-widget-heading .elementor-heading-title.elementor-size-xxl{font-size:59px}<\/style><h2 class=\"elementor-heading-title elementor-size-default\">Nueva<br>\nColecci\u00f3n<br>\n2018<\/h2>\t\t<\/div>\n\t\t\t\t<\/div>\n\t\t\t\t\t<\/div>\n\t\t\t\t<\/div>\n\t\t<div class=\"elementor-element elementor-element-f55dc97 e-flex e-con-boxed e-con e-child\" data-id=\"f55dc97\" data-element_type=\"container\">\n\t\t\t\t\t<div class=\"e-con-inner\">\n\t\t\t\t<div class=\"elementor-element elementor-element-227b144 elementor-widget__width-initial elementor-widget elementor-widget-text-editor\" data-id=\"227b144\" data-element_type=\"widget\" data-widget_type=\"text-editor.default\">\n\t\t\t\t<div class=\"elementor-widget-container\">\n\t\t\t<style>\/*! elementor - v3.20.0 - 11-03-2024 *\/\n.elementor-widget-text-editor.elementor-drop-cap-view-stacked .elementor-drop-cap{background-color:#69727d;color:#fff}.elementor-widget-text-editor.elementor-drop-cap-view-framed .elementor-drop-cap{color:#69727d;border:3px solid;background-color:transparent}.elementor-widget-text-editor:not(.elementor-drop-cap-view-default) .elementor-drop-cap{margin-top:8px}.elementor-widget-text-editor:not(.elementor-drop-cap-view-default) .elementor-drop-cap-letter{width:1em;height:1em}.elementor-widget-text-editor .elementor-drop-cap{float:left;text-align:center;line-height:1;font-size:50px}.elementor-widget-text-editor .elementor-drop-cap-letter{display:inline-block}<\/style>\t\t\t\t<p>Juan Leuis Beatoire presenta su nuevo conjunto de moda<\/p>\t\t\t\t\t\t<\/div>\n\t\t\t\t<\/div>\n\t\t\t\t\t<\/div>\n\t\t\t\t<\/div>\n\t\t\t\t\t<\/div>\n\t\t\t\t<\/div>\n\t\t<div class=\"elementor-element elementor-element-961f932 e-flex e-con-boxed e-con e-parent\" data-id=\"961f932\" data-element_type=\"container\" data-core-v316-plus=\"true\">\n\t\t\t\t\t<div class=\"e-con-inner\">\n\t\t\t\t<div class=\"elementor-element elementor-element-8ecc10a elementor-widget elementor-widget-image\" data-id=\"8ecc10a\" data-element_type=\"widget\" data-widget_type=\"image.default\">\n\t\t\t\t<div class=\"elementor-widget-container\">\n\t\t\t<style>\/*! elementor - v3.20.0 - 11-03-2024 *\/\n.elementor-widget-image{text-align:center}.elementor-widget-image a{display:inline-block}.elementor-widget-image a img[src$=\".svg\"]{width:48px}.elementor-widget-image img{vertical-align:middle;display:inline-block}<\/style>\t\t\t\t\t\t\t\t\t\t<img fetchpriority=\"high\" decoding=\"async\" width=\"1024\" height=\"542\" src=\"https:\/\/plantillas.eshopally.com\/cloathingstore\/wp-content\/uploads\/2024\/03\/clothing-about-header-img-1024x542.jpg\" class=\"attachment-large size-large wp-image-259\" alt=\"\" srcset=\"https:\/\/plantillas.eshopally.com\/cloathingstore\/wp-content\/uploads\/2024\/03\/clothing-about-header-img-1024x542.jpg 1024w, https:\/\/plantillas.eshopally.com\/cloathingstore\/wp-content\/uploads\/2024\/03\/clothing-about-header-img-600x317.jpg 600w, https:\/\/plantillas.eshopally.com\/cloathingstore\/wp-content\/uploads\/2024\/03\/clothing-about-header-img-300x159.jpg 300w, https:\/\/plantillas.eshopally.com\/cloathingstore\/wp-content\/uploads\/2024\/03\/clothing-about-header-img-768x406.jpg 768w, https:\/\/plantillas.eshopally.com\/cloathingstore\/wp-content\/uploads\/2024\/03\/clothing-about-header-img-1536x813.jpg 1536w, https:\/\/plantillas.eshopally.com\/cloathingstore\/wp-content\/uploads\/2024\/03\/clothing-about-header-img.jpg 1754w\" sizes=\"(max-width: 1024px) 100vw, 1024px\" \/>\t\t\t\t\t\t\t\t\t\t\t\t\t<\/div>\n\t\t\t\t<\/div>\n\t\t\t\t\t<\/div>\n\t\t\t\t<\/div>\n\t\t<div class=\"elementor-element elementor-element-d0dfcae e-flex e-con-boxed e-con e-parent\" data-id=\"d0dfcae\" data-element_type=\"container\" data-settings=\"{&quot;background_background&quot;:&quot;classic&quot;}\" data-core-v316-plus=\"true\">\n\t\t\t\t\t<div class=\"e-con-inner\">\n\t\t<div class=\"elementor-element elementor-element-913ad60 e-con-full e-flex e-con e-child\" data-id=\"913ad60\" data-element_type=\"container\">\n\t\t\t\t<div class=\"elementor-element elementor-element-3f386ca elementor-widget elementor-widget-heading\" data-id=\"3f386ca\" data-element_type=\"widget\" data-widget_type=\"heading.default\">\n\t\t\t\t<div class=\"elementor-widget-container\">\n\t\t\t<h2 class=\"elementor-heading-title elementor-size-default\">Productos de <br>\nla nueva <br>\ncolecci\u00f3n<\/h2>\t\t<\/div>\n\t\t\t\t<\/div>\n\t\t\t\t<div class=\"elementor-element elementor-element-f5a9548 elementor-widget elementor-widget-button\" data-id=\"f5a9548\" data-element_type=\"widget\" data-widget_type=\"button.default\">\n\t\t\t\t<div class=\"elementor-widget-container\">\n\t\t\t\t\t<div class=\"elementor-button-wrapper\">\n\t\t\t<a class=\"elementor-button elementor-button-link elementor-size-sm\" href=\"#\">\n\t\t\t\t\t\t<span class=\"elementor-button-content-wrapper\">\n\t\t\t\t\t\t<span class=\"elementor-button-text\">Ver colecci\u00f3n<\/span>\n\t\t<\/span>\n\t\t\t\t\t<\/a>\n\t\t<\/div>\n\t\t\t\t<\/div>\n\t\t\t\t<\/div>\n\t\t\t\t<\/div>\n\t\t<div class=\"elementor-element elementor-element-6e542da e-con-full e-flex e-con e-child\" data-id=\"6e542da\" data-element_type=\"container\">\n\t\t\t\t<div class=\"elementor-element elementor-element-ba2ead2 elementor-widget__width-initial elementor-widget elementor-widget-text-editor\" data-id=\"ba2ead2\" data-element_type=\"widget\" data-widget_type=\"text-editor.default\">\n\t\t\t\t<div class=\"elementor-widget-container\">\n\t\t\t\t\t\t\t<p>Fusce ut velit laoreet, tempus arcu eu, molestie tortor. Nam vel justo cursus, faucibus lorem eget, egestas eros. Maecenas eleifend erat at justo fringilla imperdiet id ac magna. Suspendisse vel facilisis odio, at ornare nibh. In malesuada, tortor eget sodales mollis, mauris lectus hendrerit purus, porttitor finibus eros lorem eget mauris. Curabitur lacinia enim at ex blandit, vel pellentesque odio elementum.<\/p><p>Curabitur sed iaculis dolor, non congue ligula. Maecenas imperdiet ante eget hendrerit posuere. Nunc urna libero, congue porta nibh a, semper feugiat sem. Sed auctor dui eleifend, scelerisque eros ut, pellentesque nibh.<\/p>\t\t\t\t\t\t<\/div>\n\t\t\t\t<\/div>\n\t\t\t\t<\/div>\n\t\t<div class=\"elementor-element elementor-element-de2399e e-con-full e-flex e-con e-child\" data-id=\"de2399e\" data-element_type=\"container\">\n\t\t\t\t<div class=\"elementor-element elementor-element-e93f000 elementor-widget__width-initial elementor-widget elementor-widget-text-editor\" data-id=\"e93f000\" data-element_type=\"widget\" data-widget_type=\"text-editor.default\">\n\t\t\t\t<div class=\"elementor-widget-container\">\n\t\t\t\t\t\t\t<p>Lorem ipsum dolor sit amet, consectetur adipiscing elit. Nulla mauris dolor, gravida a varius blandit, auctor eget purus. Phasellus scelerisque sapien sit amet mauris laoreet, eget scelerisque nunc cursus. Duis ultricies malesuada leo vel aliquet.<\/p><p>Curabitur rutrum porta dui eget mollis. Nullam lacinia dictum auctor. Class aptent taciti sociosqu ad litora torquent per conubia nostra, per inceptos himenaeos. Orci varius natoque penatibus et magnis dis parturient montes, nascetur ridiculus mus.<\/p>\t\t\t\t\t\t<\/div>\n\t\t\t\t<\/div>\n\t\t\t\t<\/div>\n\t\t\t\t\t<\/div>\n\t\t\t\t<\/div>\n\t\t<div class=\"elementor-element elementor-element-655d840 e-flex e-con-boxed e-con e-parent\" data-id=\"655d840\" data-element_type=\"container\" data-core-v316-plus=\"true\">\n\t\t\t\t\t<div class=\"e-con-inner\">\n\t\t\t\t<div class=\"elementor-element elementor-element-72c3250 gallery-spacing-custom elementor-widget__width-initial elementor-widget elementor-widget-image-gallery\" data-id=\"72c3250\" data-element_type=\"widget\" data-widget_type=\"image-gallery.default\">\n\t\t\t\t<div class=\"elementor-widget-container\">\n\t\t\t<style>\/*! elementor - v3.20.0 - 11-03-2024 *\/\n.elementor-image-gallery .gallery-item{display:inline-block;text-align:center;vertical-align:top;width:100%;max-width:100%;margin:0 auto}.elementor-image-gallery .gallery-item img{margin:0 auto}.elementor-image-gallery .gallery-item .gallery-caption{margin:0}.elementor-image-gallery figure img{display:block}.elementor-image-gallery figure figcaption{width:100%}.gallery-spacing-custom .elementor-image-gallery .gallery-icon{padding:0}@media (min-width:768px){.elementor-image-gallery .gallery-columns-2 .gallery-item{max-width:50%}.elementor-image-gallery .gallery-columns-3 .gallery-item{max-width:33.33%}.elementor-image-gallery .gallery-columns-4 .gallery-item{max-width:25%}.elementor-image-gallery .gallery-columns-5 .gallery-item{max-width:20%}.elementor-image-gallery .gallery-columns-6 .gallery-item{max-width:16.666%}.elementor-image-gallery .gallery-columns-7 .gallery-item{max-width:14.28%}.elementor-image-gallery .gallery-columns-8 .gallery-item{max-width:12.5%}.elementor-image-gallery .gallery-columns-9 .gallery-item{max-width:11.11%}.elementor-image-gallery .gallery-columns-10 .gallery-item{max-width:10%}}@media (min-width:480px) and (max-width:767px){.elementor-image-gallery .gallery.gallery-columns-2 .gallery-item,.elementor-image-gallery .gallery.gallery-columns-3 .gallery-item,.elementor-image-gallery .gallery.gallery-columns-4 .gallery-item,.elementor-image-gallery .gallery.gallery-columns-5 .gallery-item,.elementor-image-gallery .gallery.gallery-columns-6 .gallery-item,.elementor-image-gallery .gallery.gallery-columns-7 .gallery-item,.elementor-image-gallery .gallery.gallery-columns-8 .gallery-item,.elementor-image-gallery .gallery.gallery-columns-9 .gallery-item,.elementor-image-gallery .gallery.gallery-columns-10 .gallery-item{max-width:50%}}@media (max-width:479px){.elementor-image-gallery .gallery.gallery-columns-2 .gallery-item,.elementor-image-gallery .gallery.gallery-columns-3 .gallery-item,.elementor-image-gallery .gallery.gallery-columns-4 .gallery-item,.elementor-image-gallery .gallery.gallery-columns-5 .gallery-item,.elementor-image-gallery .gallery.gallery-columns-6 .gallery-item,.elementor-image-gallery .gallery.gallery-columns-7 .gallery-item,.elementor-image-gallery .gallery.gallery-columns-8 .gallery-item,.elementor-image-gallery .gallery.gallery-columns-9 .gallery-item,.elementor-image-gallery .gallery.gallery-columns-10 .gallery-item{max-width:100%}}<\/style>\t\t<div class=\"elementor-image-gallery\">\n\t\t\t<div id='gallery-1' class='gallery galleryid-254 gallery-columns-3 gallery-size-large'><figure class='gallery-item'>\n\t\t\t<div class='gallery-icon portrait'>\n\t\t\t\t<a data-elementor-open-lightbox=\"no\" href='https:\/\/plantillas.eshopally.com\/cloathingstore\/wp-content\/uploads\/2024\/03\/clothing-about-woman1-303x350-1.jpg'><img decoding=\"async\" width=\"303\" height=\"350\" src=\"https:\/\/plantillas.eshopally.com\/cloathingstore\/wp-content\/uploads\/2024\/03\/clothing-about-woman1-303x350-1.jpg\" class=\"attachment-large size-large\" alt=\"\" srcset=\"https:\/\/plantillas.eshopally.com\/cloathingstore\/wp-content\/uploads\/2024\/03\/clothing-about-woman1-303x350-1.jpg 303w, https:\/\/plantillas.eshopally.com\/cloathingstore\/wp-content\/uploads\/2024\/03\/clothing-about-woman1-303x350-1-260x300.jpg 260w\" sizes=\"(max-width: 303px) 100vw, 303px\" \/><\/a>\n\t\t\t<\/div><\/figure><figure class='gallery-item'>\n\t\t\t<div class='gallery-icon portrait'>\n\t\t\t\t<a data-elementor-open-lightbox=\"no\" href='https:\/\/plantillas.eshopally.com\/cloathingstore\/wp-content\/uploads\/2024\/03\/clothing-about-woman2-303x350-1.jpg'><img decoding=\"async\" width=\"303\" height=\"350\" src=\"https:\/\/plantillas.eshopally.com\/cloathingstore\/wp-content\/uploads\/2024\/03\/clothing-about-woman2-303x350-1.jpg\" class=\"attachment-large size-large\" alt=\"\" srcset=\"https:\/\/plantillas.eshopally.com\/cloathingstore\/wp-content\/uploads\/2024\/03\/clothing-about-woman2-303x350-1.jpg 303w, https:\/\/plantillas.eshopally.com\/cloathingstore\/wp-content\/uploads\/2024\/03\/clothing-about-woman2-303x350-1-260x300.jpg 260w\" sizes=\"(max-width: 303px) 100vw, 303px\" \/><\/a>\n\t\t\t<\/div><\/figure><figure class='gallery-item'>\n\t\t\t<div class='gallery-icon portrait'>\n\t\t\t\t<a data-elementor-open-lightbox=\"no\" href='https:\/\/plantillas.eshopally.com\/cloathingstore\/wp-content\/uploads\/2024\/03\/clothing-about-woman3-303x350-1.jpg'><img loading=\"lazy\" decoding=\"async\" width=\"303\" height=\"350\" src=\"https:\/\/plantillas.eshopally.com\/cloathingstore\/wp-content\/uploads\/2024\/03\/clothing-about-woman3-303x350-1.jpg\" class=\"attachment-large size-large\" alt=\"\" srcset=\"https:\/\/plantillas.eshopally.com\/cloathingstore\/wp-content\/uploads\/2024\/03\/clothing-about-woman3-303x350-1.jpg 303w, https:\/\/plantillas.eshopally.com\/cloathingstore\/wp-content\/uploads\/2024\/03\/clothing-about-woman3-303x350-1-260x300.jpg 260w\" sizes=\"(max-width: 303px) 100vw, 303px\" \/><\/a>\n\t\t\t<\/div><\/figure><figure class='gallery-item'>\n\t\t\t<div class='gallery-icon portrait'>\n\t\t\t\t<a data-elementor-open-lightbox=\"no\" href='https:\/\/plantillas.eshopally.com\/cloathingstore\/wp-content\/uploads\/2024\/03\/clothing-about-woman4-303x350-1.jpg'><img loading=\"lazy\" decoding=\"async\" width=\"303\" height=\"350\" src=\"https:\/\/plantillas.eshopally.com\/cloathingstore\/wp-content\/uploads\/2024\/03\/clothing-about-woman4-303x350-1.jpg\" class=\"attachment-large size-large\" alt=\"\" srcset=\"https:\/\/plantillas.eshopally.com\/cloathingstore\/wp-content\/uploads\/2024\/03\/clothing-about-woman4-303x350-1.jpg 303w, https:\/\/plantillas.eshopally.com\/cloathingstore\/wp-content\/uploads\/2024\/03\/clothing-about-woman4-303x350-1-260x300.jpg 260w\" sizes=\"(max-width: 303px) 100vw, 303px\" \/><\/a>\n\t\t\t<\/div><\/figure><figure class='gallery-item'>\n\t\t\t<div class='gallery-icon portrait'>\n\t\t\t\t<a data-elementor-open-lightbox=\"no\" href='https:\/\/plantillas.eshopally.com\/cloathingstore\/wp-content\/uploads\/2024\/03\/clothing-about-woman5-303x350-1.jpg'><img loading=\"lazy\" decoding=\"async\" width=\"303\" height=\"350\" src=\"https:\/\/plantillas.eshopally.com\/cloathingstore\/wp-content\/uploads\/2024\/03\/clothing-about-woman5-303x350-1.jpg\" class=\"attachment-large size-large\" alt=\"\" srcset=\"https:\/\/plantillas.eshopally.com\/cloathingstore\/wp-content\/uploads\/2024\/03\/clothing-about-woman5-303x350-1.jpg 303w, https:\/\/plantillas.eshopally.com\/cloathingstore\/wp-content\/uploads\/2024\/03\/clothing-about-woman5-303x350-1-260x300.jpg 260w\" sizes=\"(max-width: 303px) 100vw, 303px\" \/><\/a>\n\t\t\t<\/div><\/figure><figure class='gallery-item'>\n\t\t\t<div class='gallery-icon portrait'>\n\t\t\t\t<a data-elementor-open-lightbox=\"no\" href='https:\/\/plantillas.eshopally.com\/cloathingstore\/wp-content\/uploads\/2024\/03\/clothing-about-woman6-303x350-1.jpg'><img loading=\"lazy\" decoding=\"async\" width=\"303\" height=\"350\" src=\"https:\/\/plantillas.eshopally.com\/cloathingstore\/wp-content\/uploads\/2024\/03\/clothing-about-woman6-303x350-1.jpg\" class=\"attachment-large size-large\" alt=\"\" srcset=\"https:\/\/plantillas.eshopally.com\/cloathingstore\/wp-content\/uploads\/2024\/03\/clothing-about-woman6-303x350-1.jpg 303w, https:\/\/plantillas.eshopally.com\/cloathingstore\/wp-content\/uploads\/2024\/03\/clothing-about-woman6-303x350-1-260x300.jpg 260w\" sizes=\"(max-width: 303px) 100vw, 303px\" \/><\/a>\n\t\t\t<\/div><\/figure>\n\t\t<\/div>\n\t\t<\/div>\n\t\t\t\t<\/div>\n\t\t\t\t<\/div>\n\t\t\t\t\t<\/div>\n\t\t\t\t<\/div>\n\t\t<div class=\"elementor-element elementor-element-1cb0450 e-flex e-con-boxed e-con e-parent\" data-id=\"1cb0450\" data-element_type=\"container\" data-core-v316-plus=\"true\">\n\t\t\t\t\t<div class=\"e-con-inner\">\n\t\t<div class=\"elementor-element elementor-element-07f396f e-con-full e-flex e-con e-child\" data-id=\"07f396f\" data-element_type=\"container\" data-settings=\"{&quot;background_background&quot;:&quot;classic&quot;}\">\n\t\t<div class=\"elementor-element elementor-element-3e21ecb e-con-full e-flex e-con e-child\" data-id=\"3e21ecb\" data-element_type=\"container\">\n\t\t\t\t<div class=\"elementor-element elementor-element-19a3dbb elementor-widget elementor-widget-heading\" data-id=\"19a3dbb\" data-element_type=\"widget\" data-widget_type=\"heading.default\">\n\t\t\t\t<div class=\"elementor-widget-container\">\n\t\t\t<h2 class=\"elementor-heading-title elementor-size-default\">\u00bfQuieres ser nuestra modelo?<\/h2>\t\t<\/div>\n\t\t\t\t<\/div>\n\t\t\t\t<\/div>\n\t\t<div class=\"elementor-element elementor-element-9446eb2 e-con-full e-flex e-con e-child\" data-id=\"9446eb2\" data-element_type=\"container\">\n\t\t\t\t<div class=\"elementor-element elementor-element-35dbece elementor-mobile-align-center elementor-widget elementor-widget-button\" data-id=\"35dbece\" data-element_type=\"widget\" data-widget_type=\"button.default\">\n\t\t\t\t<div class=\"elementor-widget-container\">\n\t\t\t\t\t<div class=\"elementor-button-wrapper\">\n\t\t\t<a class=\"elementor-button elementor-button-link elementor-size-sm\" href=\"#\">\n\t\t\t\t\t\t<span class=\"elementor-button-content-wrapper\">\n\t\t\t\t\t\t<span class=\"elementor-button-text\">Aplicar ahora<\/span>\n\t\t<\/span>\n\t\t\t\t\t<\/a>\n\t\t<\/div>\n\t\t\t\t<\/div>\n\t\t\t\t<\/div>\n\t\t\t\t<\/div>\n\t\t\t\t<\/div>\n\t\t\t\t\t<\/div>\n\t\t\t\t<\/div>\n\t\t\t\t<\/div>\n\t\t","protected":false},"excerpt":{"rendered":"<p>Nueva Colecci\u00f3n 2018 Juan Leuis Beatoire presenta su nuevo conjunto de moda Productos de la nueva colecci\u00f3n Ver colecci\u00f3n Fusce [&hellip;]<\/p>\n","protected":false},"author":1,"featured_media":0,"parent":0,"menu_order":0,"comment_status":"closed","ping_status":"closed","template":"","meta":{"site-sidebar-layout":"no-sidebar","site-content-layout":"","ast-site-content-layout":"full-width-container","site-content-style":"default","site-sidebar-style":"default","ast-global-header-display":"","ast-banner-title-visibility":"","ast-main-header-display":"","ast-hfb-above-header-display":"","ast-hfb-below-header-display":"","ast-hfb-mobile-header-display":"","site-post-title":"disabled","ast-breadcrumbs-content":"","ast-featured-img":"disabled","footer-sml-layout":"","ast-disable-related-posts":"","theme-transparent-header-meta":"","adv-header-id-meta":"","stick-header-meta":"","header-above-stick-meta":"","header-main-stick-meta":"","header-below-stick-meta":"","astra-migrate-meta-layouts":"default","ast-page-background-enabled":"default","ast-page-background-meta":{"desktop":{"background-color":"var(--ast-global-color-4)","background-image":"","background-repeat":"repeat","background-position":"center center","background-size":"auto","background-attachment":"scroll","background-type":"","background-media":"","overlay-type":"","overlay-color":"","overlay-opacity":"","overlay-gradient":""},"tablet":{"background-color":"","background-image":"","background-repeat":"repeat","background-position":"center center","background-size":"auto","background-attachment":"scroll","background-type":"","background-media":"","overlay-type":"","overlay-color":"","overlay-opacity":"","overlay-gradient":""},"mobile":{"background-color":"","background-image":"","background-repeat":"repeat","background-position":"center center","background-size":"auto","background-attachment":"scroll","background-type":"","background-media":"","overlay-type":"","overlay-color":"","overlay-opacity":"","overlay-gradient":""}},"ast-content-background-meta":{"desktop":{"background-color":"var(--ast-global-color-5)","background-image":"","background-repeat":"repeat","background-position":"center center","background-size":"auto","background-attachment":"scroll","background-type":"","background-media":"","overlay-type":"","overlay-color":"","overlay-opacity":"","overlay-gradient":""},"tablet":{"background-color":"var(--ast-global-color-5)","background-image":"","background-repeat":"repeat","background-position":"center center","background-size":"auto","background-attachment":"scroll","background-type":"","background-media":"","overlay-type":"","overlay-color":"","overlay-opacity":"","overlay-gradient":""},"mobile":{"background-color":"var(--ast-global-color-5)","background-image":"","background-repeat":"repeat","background-position":"center center","background-size":"auto","background-attachment":"scroll","background-type":"","background-media":"","overlay-type":"","overlay-color":"","overlay-opacity":"","overlay-gradient":""}},"footnotes":""},"_links":{"self":[{"href":"https:\/\/plantillas.eshopally.com\/cloathingstore\/wp-json\/wp\/v2\/pages\/254"}],"collection":[{"href":"https:\/\/plantillas.eshopally.com\/cloathingstore\/wp-json\/wp\/v2\/pages"}],"about":[{"href":"https:\/\/plantillas.eshopally.com\/cloathingstore\/wp-json\/wp\/v2\/types\/page"}],"author":[{"embeddable":true,"href":"https:\/\/plantillas.eshopally.com\/cloathingstore\/wp-json\/wp\/v2\/users\/1"}],"replies":[{"embeddable":true,"href":"https:\/\/plantillas.eshopally.com\/cloathingstore\/wp-json\/wp\/v2\/comments?post=254"}],"version-history":[{"count":79,"href":"https:\/\/plantillas.eshopally.com\/cloathingstore\/wp-json\/wp\/v2\/pages\/254\/revisions"}],"predecessor-version":[{"id":639,"href":"https:\/\/plantillas.eshopally.com\/cloathingstore\/wp-json\/wp\/v2\/pages\/254\/revisions\/639"}],"wp:attachment":[{"href":"https:\/\/plantillas.eshopally.com\/cloathingstore\/wp-json\/wp\/v2\/media?parent=254"}],"curies":[{"name":"wp","href":"https:\/\/api.w.org\/{rel}","templated":true}]}}